{"id":7,"date":"2022-11-22T15:58:25","date_gmt":"2022-11-22T14:58:25","guid":{"rendered":"http:\/\/www.activelife34.fr\/?page_id=7"},"modified":"2025-05-30T13:59:06","modified_gmt":"2025-05-30T11:59:06","slug":"a-propos","status":"publish","type":"page","link":"https:\/\/www.activelife34.fr\/index.php\/a-propos\/","title":{"rendered":"\u00c0 propos"},"content":{"rendered":"\n<div class=\"wp-block-cover alignfull\" style=\"min-height:108px;aspect-ratio:unset;\"><span aria-hidden=\"true\" class=\"wp-block-cover__background has-nv-site-bg-background-color has-background-dim-100 has-background-dim\"><\/span><div class=\"wp-block-cover__inner-container is-layout-flow wp-block-cover-is-layout-flow\">\n<div class=\"wp-block-group\"><div class=\"wp-block-group__inner-container is-layout-flow wp-block-group-is-layout-flow\">\n<h1 class=\"wp-block-heading has-text-align-left has-neve-text-color-color has-text-color\">\u00c0 propos<\/h1>\n<\/div><\/div>\n<\/div><\/div>\n\n\n\n<div class=\"wp-block-cover alignfull\" style=\"min-height:525px;aspect-ratio:unset;\"><span aria-hidden=\"true\" class=\"wp-block-cover__background has-nv-light-bg-background-color has-background-dim-100 has-background-dim\"><\/span><div class=\"wp-block-cover__inner-container is-layout-flow wp-block-cover-is-layout-flow\">\n<div class=\"wp-block-group\"><div class=\"wp-block-group__inner-container is-layout-flow wp-block-group-is-layout-flow\">\n<div class=\"wp-block-columns are-vertically-aligned-center is-layout-flex wp-container-core-columns-is-layout-9d6595d7 wp-block-columns-is-layout-flex\">\n<div class=\"wp-block-column is-vertically-aligned-center is-layout-flow wp-block-column-is-layout-flow\" style=\"flex-basis:50%\"><div class=\"wp-block-image size-large is-style-default wp-duotone-unset-1\">\n<figure class=\"alignright size-full is-resized\"><img loading=\"lazy\" decoding=\"async\" width=\"580\" height=\"400\" src=\"http:\/\/www.activelife34.fr\/wp-content\/uploads\/2024\/01\/alc34-team.png\" alt=\"\" class=\"wp-image-447\" style=\"object-fit:cover;width:563px;height:400px\" srcset=\"https:\/\/www.activelife34.fr\/wp-content\/uploads\/2024\/01\/alc34-team.png 580w, https:\/\/www.activelife34.fr\/wp-content\/uploads\/2024\/01\/alc34-team-300x207.png 300w\" sizes=\"auto, (max-width: 580px) 100vw, 580px\" \/><\/figure>\n<\/div><\/div>\n\n\n\n<div class=\"wp-block-column is-vertically-aligned-center is-layout-flow wp-block-column-is-layout-flow\" style=\"flex-basis:50%\">\n<h2 class=\"wp-block-heading has-neve-text-color-color has-text-color\">Notre histoire<\/h2>\n\n\n\n<p class=\"has-neve-text-color-color has-text-color\">Active Life 34 est une association loi 1901, fond\u00e9e en ao\u00fbt 2014, avec pour objectif de revitaliser les quartiers, notamment celui de la Cit\u00e9 34 \u00e0 Divion. Notre mission est de proposer des moments conviviaux aux habitants, favorisant les liens familiaux et amicaux, tout en \u0153uvrant \u00e0 l&#8217;organisation d&#8217;une vari\u00e9t\u00e9 d&#8217;activit\u00e9s festives visant \u00e0 renforcer le vivre-ensemble. Nos actions s&#8217;inscrivent dans le cadre des valeurs partag\u00e9es par les quartiers prioritaires, conform\u00e9ment \u00e0 la politique de la ville.<\/p>\n<\/div>\n<\/div>\n\n\n\n<div style=\"height:8px\" aria-hidden=\"true\" class=\"wp-block-spacer\"><\/div>\n<\/div><\/div>\n<\/div><\/div>\n\n\n\n<div style=\"height:56px\" aria-hidden=\"true\" class=\"wp-block-spacer\"><\/div>\n\n\n\n<h2 class=\"wp-block-heading\">Nos Valeurs <\/h2>\n\n\n\n<div class=\"wp-block-cover alignfull\" style=\"min-height:295px;aspect-ratio:unset;\"><span aria-hidden=\"true\" class=\"wp-block-cover__background has-nv-site-bg-background-color has-background-dim-100 has-background-dim\"><\/span><div class=\"wp-block-cover__inner-container is-layout-flow wp-block-cover-is-layout-flow\">\n<div class=\"wp-block-columns is-layout-flex wp-container-core-columns-is-layout-9d6595d7 wp-block-columns-is-layout-flex\">\n<div class=\"wp-block-column ticss-4ce656f1 is-layout-flow wp-block-column-is-layout-flow\">\n<figure class=\"wp-block-image size-full is-resized icon-style is-style-rounded\"><img loading=\"lazy\" decoding=\"async\" width=\"199\" height=\"199\" src=\"http:\/\/www.activelife34.fr\/wp-content\/uploads\/2022\/11\/logo_asso.png\" alt=\"\" class=\"wp-image-13\" style=\"width:50px;height:50px\" srcset=\"https:\/\/www.activelife34.fr\/wp-content\/uploads\/2022\/11\/logo_asso.png 199w, https:\/\/www.activelife34.fr\/wp-content\/uploads\/2022\/11\/logo_asso-150x150.png 150w\" sizes=\"auto, (max-width: 199px) 100vw, 199px\" \/><\/figure>\n\n\n\n<h3 class=\"wp-block-heading has-text-align-left has-text-align-center has-neve-text-color-color has-text-color\">Redynamiser le quartier<\/h3>\n\n\n\n<p class=\"has-text-align-left has-neve-text-color-color has-text-color\" style=\"font-size:15px\">Mise en place d\u2019un Festival sur le quartier en \u00e9t\u00e9, organisation d\u2019\u00e9v\u00e9nements \u00e0 th\u00e8mes (P\u00e2ques, halloween, No\u00ebl \u2026) et mise en place d\u2019ateliers avec des partenariats.<\/p>\n\n\n\n<div style=\"height:20px\" aria-hidden=\"true\" class=\"wp-block-spacer\"><\/div>\n<\/div>\n\n\n\n<div class=\"wp-block-column ticss-f6fc7494 is-layout-flow wp-block-column-is-layout-flow\">\n<figure class=\"wp-block-image size-full is-resized icon-style is-style-rounded\"><img loading=\"lazy\" decoding=\"async\" width=\"199\" height=\"199\" src=\"http:\/\/www.activelife34.fr\/wp-content\/uploads\/2022\/11\/logo_asso.png\" alt=\"\" class=\"wp-image-13\" style=\"width:50px;height:50px\" srcset=\"https:\/\/www.activelife34.fr\/wp-content\/uploads\/2022\/11\/logo_asso.png 199w, https:\/\/www.activelife34.fr\/wp-content\/uploads\/2022\/11\/logo_asso-150x150.png 150w\" sizes=\"auto, (max-width: 199px) 100vw, 199px\" \/><\/figure>\n\n\n\n<h3 class=\"wp-block-heading has-text-align-left has-text-align-center has-neve-text-color-color has-text-color\">Apporter l&#8217;acc\u00e8s \u00e0 la culture, aux services et \u00e9quipements<\/h3>\n\n\n\n<p>Op\u00e9rations de sensibilisation sur des sujets de soci\u00e9t\u00e9 (d\u00e9veloppement durable respect, civisme, alimentation\u2026) int\u00e9gr\u00e9e dans nos actions et utilisation des espaces publics (salle des f\u00eates, stade de foot, salle de r\u00e9union, chemin de promenade).<\/p>\n\n\n\n<div style=\"height:20px\" aria-hidden=\"true\" class=\"wp-block-spacer\"><\/div>\n<\/div>\n\n\n\n<div class=\"wp-block-column ticss-a5b4df29 is-layout-flow wp-block-column-is-layout-flow\">\n<figure class=\"wp-block-image size-full is-resized icon-style is-style-rounded\"><img loading=\"lazy\" decoding=\"async\" width=\"199\" height=\"199\" src=\"http:\/\/www.activelife34.fr\/wp-content\/uploads\/2022\/11\/logo_asso.png\" alt=\"\" class=\"wp-image-13\" style=\"width:50px;height:50px\" srcset=\"https:\/\/www.activelife34.fr\/wp-content\/uploads\/2022\/11\/logo_asso.png 199w, https:\/\/www.activelife34.fr\/wp-content\/uploads\/2022\/11\/logo_asso-150x150.png 150w\" sizes=\"auto, (max-width: 199px) 100vw, 199px\" \/><\/figure>\n\n\n\n<h3 class=\"wp-block-heading has-text-align-left has-text-align-center has-neve-text-color-color has-text-color\">Am\u00e9lioration du cadre de vie<\/h3>\n\n\n\n<p>Cr\u00e9ation d\u2019un espace partag\u00e9 au c\u0153ur du quartier en partenariat avec un bailleur social. Espace qui am\u00e9liore l\u2019aspect visuel, la coh\u00e9sion sociale et la convivialit\u00e9 au sein du quartier.<\/p>\n\n\n\n<div style=\"height:20px\" aria-hidden=\"true\" class=\"wp-block-spacer\"><\/div>\n<\/div>\n<\/div>\n\n\n\n<div style=\"height:30px\" aria-hidden=\"true\" class=\"wp-block-spacer\"><\/div>\n<\/div><\/div>\n\n\n\n<div class=\"wp-block-cover alignfull\" style=\"min-height:315px;aspect-ratio:unset;\"><span aria-hidden=\"true\" class=\"wp-block-cover__background has-nv-site-bg-background-color has-background-dim-100 has-background-dim\"><\/span><div class=\"wp-block-cover__inner-container is-layout-flow wp-block-cover-is-layout-flow\">\n<div class=\"wp-block-columns is-layout-flex wp-container-core-columns-is-layout-9d6595d7 wp-block-columns-is-layout-flex\">\n<div class=\"wp-block-column ticss-4ce656f1 is-layout-flow wp-block-column-is-layout-flow\">\n<figure class=\"wp-block-image size-full is-resized icon-style is-style-rounded\"><img loading=\"lazy\" decoding=\"async\" width=\"199\" height=\"199\" src=\"http:\/\/www.activelife34.fr\/wp-content\/uploads\/2022\/11\/logo_asso.png\" alt=\"\" class=\"wp-image-13\" style=\"width:50px;height:50px\" srcset=\"https:\/\/www.activelife34.fr\/wp-content\/uploads\/2022\/11\/logo_asso.png 199w, https:\/\/www.activelife34.fr\/wp-content\/uploads\/2022\/11\/logo_asso-150x150.png 150w\" sizes=\"auto, (max-width: 199px) 100vw, 199px\" \/><\/figure>\n\n\n\n<h3 class=\"wp-block-heading has-text-align-left has-text-align-center has-neve-text-color-color has-text-color\">Valoriser l&#8217;histoire, le patrimoine et la m\u00e9moire<\/h3>\n\n\n\n<p class=\"has-text-align-left has-neve-text-color-color has-text-color\" style=\"font-size:15px\">Participation \u00e0 des projets de devoir de m\u00e9moire avec la commune (ex : court m\u00e9trage d\u2019animation sur le g\u00e9ant de Divion et promenade d\u00e9couverte artistique avec un collectif Lillois).<\/p>\n\n\n\n<div style=\"height:20px\" aria-hidden=\"true\" class=\"wp-block-spacer\"><\/div>\n<\/div>\n\n\n\n<div class=\"wp-block-column ticss-f6fc7494 is-layout-flow wp-block-column-is-layout-flow\">\n<figure class=\"wp-block-image size-full is-resized icon-style is-style-rounded\"><img loading=\"lazy\" decoding=\"async\" width=\"199\" height=\"199\" src=\"http:\/\/www.activelife34.fr\/wp-content\/uploads\/2022\/11\/logo_asso.png\" alt=\"\" class=\"wp-image-13\" style=\"width:50px;height:50px\" srcset=\"https:\/\/www.activelife34.fr\/wp-content\/uploads\/2022\/11\/logo_asso.png 199w, https:\/\/www.activelife34.fr\/wp-content\/uploads\/2022\/11\/logo_asso-150x150.png 150w\" sizes=\"auto, (max-width: 199px) 100vw, 199px\" \/><\/figure>\n\n\n\n<h3 class=\"wp-block-heading has-text-align-left has-text-align-center has-neve-text-color-color has-text-color\">Soutiens et partenariat<\/h3>\n\n\n\n<p class=\"has-text-align-left has-neve-text-color-color has-text-color\" style=\"font-size:15px\">Accompagnement sur des d\u00e9marches administratives, pr\u00eat du mat\u00e9riel de l\u2019association, accompagnement sur des activit\u00e9s r\u00e9alis\u00e9es par l\u2019\u00e9cole primaire du quartier.<\/p>\n\n\n\n<div style=\"height:20px\" aria-hidden=\"true\" class=\"wp-block-spacer\"><\/div>\n<\/div>\n\n\n\n<div class=\"wp-block-column ticss-a5b4df29 is-layout-flow wp-block-column-is-layout-flow\">\n<div style=\"height:20px\" aria-hidden=\"true\" class=\"wp-block-spacer\"><\/div>\n<\/div>\n<\/div>\n\n\n\n<div style=\"height:30px\" aria-hidden=\"true\" class=\"wp-block-spacer\"><\/div>\n<\/div><\/div>\n\n\n\n<div class=\"wp-block-cover alignfull\" style=\"min-height:763px;aspect-ratio:unset;\"><span aria-hidden=\"true\" class=\"wp-block-cover__background has-nv-light-bg-background-color has-background-dim-100 has-background-dim\"><\/span><div class=\"wp-block-cover__inner-container is-layout-flow wp-block-cover-is-layout-flow\">\n<div class=\"wp-block-group\"><div class=\"wp-block-group__inner-container is-layout-flow wp-block-group-is-layout-flow\">\n<div style=\"height:23px\" aria-hidden=\"true\" class=\"wp-block-spacer\"><\/div>\n\n\n\n<h2 class=\"wp-block-heading has-text-align-center\">L&#8217;EQUIPE ACTIVE LIFE<\/h2>\n\n\n\n<h6 class=\"wp-block-heading has-neve-link-color-color has-text-color\">LE BUREAU D&#8217;ADMINISTRATION <\/h6>\n\n\n\n<p>Les membres du bureau sont les garants du bon fonctionnement de l&#8217;association. Ils assurent la gestion des aspects financiers, administratifs et de communication d&#8217;Active Life 34.<\/p>\n\n\n\n<p><strong>INFORMATIONS :<\/strong> Un Nouveau Bureau prendra place \u00e0 partir de F\u00e9vrier 2024 <\/p>\n\n\n\n<div class=\"wp-block-columns is-layout-flex wp-container-core-columns-is-layout-9d6595d7 wp-block-columns-is-layout-flex\">\n<div class=\"wp-block-column is-layout-flow wp-block-column-is-layout-flow\" style=\"flex-basis:250px\"><div class=\"wp-block-image is-style-rounded\">\n<figure class=\"aligncenter size-large is-resized\"><img loading=\"lazy\" decoding=\"async\" width=\"828\" height=\"828\" src=\"http:\/\/www.activelife34.fr\/wp-content\/uploads\/2022\/11\/IMG_0518-edited.jpg\" alt=\"\" class=\"wp-image-101\" style=\"width:207px;height:207px\" srcset=\"https:\/\/www.activelife34.fr\/wp-content\/uploads\/2022\/11\/IMG_0518-edited.jpg 828w, https:\/\/www.activelife34.fr\/wp-content\/uploads\/2022\/11\/IMG_0518-edited-300x300.jpg 300w, https:\/\/www.activelife34.fr\/wp-content\/uploads\/2022\/11\/IMG_0518-edited-150x150.jpg 150w, https:\/\/www.activelife34.fr\/wp-content\/uploads\/2022\/11\/IMG_0518-edited-768x768.jpg 768w\" sizes=\"auto, (max-width: 828px) 100vw, 828px\" \/><\/figure>\n<\/div>\n\n\n<div style=\"height:15px\" aria-hidden=\"true\" class=\"wp-block-spacer\"><\/div>\n\n\n\n<h5 class=\"wp-block-heading has-text-align-center has-neve-text-color-color has-text-color\">Nicolas Pumarada<\/h5>\n\n\n\n<p class=\"has-text-align-center has-text-color\" style=\"color:#0aa7ea\">Pr\u00e9sident <\/p>\n<\/div>\n\n\n\n<div class=\"wp-block-column is-layout-flow wp-block-column-is-layout-flow\" style=\"flex-basis:250px\"><div class=\"wp-block-image is-style-rounded\">\n<figure class=\"aligncenter size-full is-resized\"><img loading=\"lazy\" decoding=\"async\" width=\"360\" height=\"360\" src=\"http:\/\/www.activelife34.fr\/wp-content\/uploads\/2023\/12\/avatar.png\" alt=\"\" class=\"wp-image-428\" style=\"width:207px;height:207px\" srcset=\"https:\/\/www.activelife34.fr\/wp-content\/uploads\/2023\/12\/avatar.png 360w, https:\/\/www.activelife34.fr\/wp-content\/uploads\/2023\/12\/avatar-300x300.png 300w, https:\/\/www.activelife34.fr\/wp-content\/uploads\/2023\/12\/avatar-150x150.png 150w\" sizes=\"auto, (max-width: 360px) 100vw, 360px\" \/><\/figure>\n<\/div>\n\n\n<div style=\"height:15px\" aria-hidden=\"true\" class=\"wp-block-spacer\"><\/div>\n\n\n\n<h5 class=\"wp-block-heading has-text-align-center has-neve-text-color-color has-text-color\">&#8220;TEST&#8221;<\/h5>\n\n\n\n<p class=\"has-text-align-center has-text-color\" style=\"color:#0aa7ea\">Tr\u00e9sori\u00e8re <\/p>\n<\/div>\n\n\n\n<div class=\"wp-block-column is-layout-flow wp-block-column-is-layout-flow\" style=\"flex-basis:250px\"><div class=\"wp-block-image is-style-rounded\">\n<figure class=\"aligncenter size-full is-resized\"><img loading=\"lazy\" decoding=\"async\" width=\"360\" height=\"360\" src=\"http:\/\/www.activelife34.fr\/wp-content\/uploads\/2023\/12\/avatar-1.png\" alt=\"\" class=\"wp-image-429\" style=\"width:207px;height:207px\" srcset=\"https:\/\/www.activelife34.fr\/wp-content\/uploads\/2023\/12\/avatar-1.png 360w, https:\/\/www.activelife34.fr\/wp-content\/uploads\/2023\/12\/avatar-1-300x300.png 300w, https:\/\/www.activelife34.fr\/wp-content\/uploads\/2023\/12\/avatar-1-150x150.png 150w\" sizes=\"auto, (max-width: 360px) 100vw, 360px\" \/><\/figure>\n<\/div>\n\n\n<div style=\"height:15px\" aria-hidden=\"true\" class=\"wp-block-spacer\"><\/div>\n\n\n\n<h5 class=\"wp-block-heading has-text-align-center has-neve-text-color-color has-text-color\">&#8220;TEST&#8221;<\/h5>\n\n\n\n<p class=\"has-text-align-center has-text-color\" style=\"color:#0aa7ea\">Secr\u00e9taire<\/p>\n<\/div>\n\n\n\n<div class=\"wp-block-column is-layout-flow wp-block-column-is-layout-flow\" style=\"flex-basis:250px\"><div class=\"wp-block-image is-style-rounded\">\n<figure class=\"aligncenter size-full is-resized\"><img loading=\"lazy\" decoding=\"async\" width=\"360\" height=\"360\" src=\"http:\/\/www.activelife34.fr\/wp-content\/uploads\/2023\/12\/avatar-2.png\" alt=\"\" class=\"wp-image-430\" style=\"width:207px;height:207px\" srcset=\"https:\/\/www.activelife34.fr\/wp-content\/uploads\/2023\/12\/avatar-2.png 360w, https:\/\/www.activelife34.fr\/wp-content\/uploads\/2023\/12\/avatar-2-300x300.png 300w, https:\/\/www.activelife34.fr\/wp-content\/uploads\/2023\/12\/avatar-2-150x150.png 150w\" sizes=\"auto, (max-width: 360px) 100vw, 360px\" \/><\/figure>\n<\/div>\n\n\n<div style=\"height:15px\" aria-hidden=\"true\" class=\"wp-block-spacer\"><\/div>\n\n\n\n<h5 class=\"wp-block-heading has-text-align-center has-neve-text-color-color has-text-color\">&#8220;TEST&#8221;<\/h5>\n\n\n\n<p class=\"has-text-align-center has-text-color\" style=\"color:#0aa7ea\">Secr\u00e9taire adjointe<\/p>\n<\/div>\n\n\n\n<div class=\"wp-block-column is-layout-flow wp-block-column-is-layout-flow\" style=\"flex-basis:250px\"><div class=\"wp-block-image is-style-rounded\">\n<figure class=\"aligncenter size-full is-resized\"><img loading=\"lazy\" decoding=\"async\" width=\"360\" height=\"360\" src=\"http:\/\/www.activelife34.fr\/wp-content\/uploads\/2023\/12\/avatar-3.png\" alt=\"\" class=\"wp-image-431\" style=\"width:207px;height:207px\" srcset=\"https:\/\/www.activelife34.fr\/wp-content\/uploads\/2023\/12\/avatar-3.png 360w, https:\/\/www.activelife34.fr\/wp-content\/uploads\/2023\/12\/avatar-3-300x300.png 300w, https:\/\/www.activelife34.fr\/wp-content\/uploads\/2023\/12\/avatar-3-150x150.png 150w\" sizes=\"auto, (max-width: 360px) 100vw, 360px\" \/><\/figure>\n<\/div>\n\n\n<div style=\"height:15px\" aria-hidden=\"true\" class=\"wp-block-spacer\"><\/div>\n\n\n\n<h5 class=\"wp-block-heading has-text-align-center has-neve-text-color-color has-text-color\">Belliny Pradat<\/h5>\n\n\n\n<p class=\"has-text-align-center has-text-color\" style=\"color:#0aa7ea\">Community Manager<\/p>\n<\/div>\n<\/div>\n\n\n\n<h6 class=\"wp-block-heading has-neve-link-color-color has-text-color\">LES MEMBRES DE L&#8217;ASSOCIATION<\/h6>\n\n\n\n<p><br>Depuis 2014, Active Life 34 est dirig\u00e9 par une \u00e9quipe de b\u00e9n\u00e9voles dont le dynamisme est reconnu \u00e0 l\u2019\u00e9chelle de la commune. Jeunes, r\u00e9sidents du quartier et venant d&#8217;horizons divers, tous se sont engag\u00e9s d\u00e8s leur arriv\u00e9e \u00e0 promouvoir nos valeurs, \u00e0 s&#8217;amuser et \u00e0 offrir les meilleurs \u00e9v\u00e9nements aux habitants du quartier. Chaque membre, d\u00e8s son arriv\u00e9e, se voit attribuer un poste en fonction de ses comp\u00e9tences et de ses talents, nous permettant ainsi de valoriser et de faire \u00e9clore le potentiel de chacun lors de nos \u00e9v\u00e9nements.<\/p>\n<\/div><\/div>\n\n\n\n<div class=\"wp-block-columns is-layout-flex wp-container-core-columns-is-layout-9d6595d7 wp-block-columns-is-layout-flex\">\n<div class=\"wp-block-column is-layout-flow wp-block-column-is-layout-flow\">\n<h3 class=\"wp-block-heading\">P\u00f4le Communication<\/h3>\n\n\n\n<ul class=\"wp-block-list\">\n<li>Belliny Pradat<\/li>\n\n\n\n<li>Nicolas Gambier<\/li>\n\n\n\n<li>Noelia Pumarada<\/li>\n\n\n\n<li>Betsy Pradat<\/li>\n<\/ul>\n<\/div>\n\n\n\n<div class=\"wp-block-column is-layout-flow wp-block-column-is-layout-flow\">\n<h3 class=\"wp-block-heading\">P\u00f4le Cr\u00e9ation<\/h3>\n\n\n\n<ul class=\"wp-block-list\">\n<li>Patricia Pumarada<\/li>\n\n\n\n<li>Am\u00e9lie Canlers<\/li>\n\n\n\n<li>Sylvie Gambier<\/li>\n\n\n\n<li>Alice Pumarada<\/li>\n\n\n\n<li>Amaya Pumarada<\/li>\n\n\n\n<li>Sofia Godefroy<\/li>\n\n\n\n<li>Ma\u00eft\u00e9 Carre<\/li>\n\n\n\n<li>Maella Khadar<\/li>\n\n\n\n<li>Allison Kerkhove<\/li>\n<\/ul>\n<\/div>\n\n\n\n<div class=\"wp-block-column is-layout-flow wp-block-column-is-layout-flow\">\n<h3 class=\"wp-block-heading\">P\u00f4le Technique<\/h3>\n\n\n\n<ul class=\"wp-block-list\">\n<li>Enrique Pumarada<\/li>\n\n\n\n<li>Christophe Quiquempoix<\/li>\n\n\n\n<li>S\u00e9verine Danel<\/li>\n\n\n\n<li>Maxence Quiquempoix<\/li>\n\n\n\n<li>J\u00e9r\u00e9my Decroix<\/li>\n\n\n\n<li>Alexis Pumarada<\/li>\n\n\n\n<li>Camille Quiquempoix<\/li>\n\n\n\n<li>Lea Guisgand<\/li>\n\n\n\n<li>Briane Miquet<\/li>\n\n\n\n<li>Alain Pannequin<\/li>\n\n\n\n<li>Didier Gambier<\/li>\n<\/ul>\n<\/div>\n<\/div>\n\n\n\n<div class=\"wp-block-group\"><div class=\"wp-block-group__inner-container is-layout-constrained wp-block-group-is-layout-constrained\"><\/div><\/div>\n<\/div><\/div>\n","protected":false},"excerpt":{"rendered":"<p>Nos Valeurs<\/p>\n","protected":false},"author":1,"featured_media":0,"parent":0,"menu_order":0,"comment_status":"closed","ping_status":"closed","template":"","meta":{"neve_meta_sidebar":"","neve_meta_container":"","neve_meta_enable_content_width":"on","neve_meta_content_width":100,"neve_meta_title_alignment":"","neve_meta_author_avatar":"","neve_post_elements_order":"","neve_meta_disable_header":"","neve_meta_disable_footer":"","neve_meta_disable_title":"on","footnotes":""},"class_list":["post-7","page","type-page","status-publish","hentry"],"_links":{"self":[{"href":"https:\/\/www.activelife34.fr\/index.php\/wp-json\/wp\/v2\/pages\/7","targetHints":{"allow":["GET"]}}],"collection":[{"href":"https:\/\/www.activelife34.fr\/index.php\/wp-json\/wp\/v2\/pages"}],"about":[{"href":"https:\/\/www.activelife34.fr\/index.php\/wp-json\/wp\/v2\/types\/page"}],"author":[{"embeddable":true,"href":"https:\/\/www.activelife34.fr\/index.php\/wp-json\/wp\/v2\/users\/1"}],"replies":[{"embeddable":true,"href":"https:\/\/www.activelife34.fr\/index.php\/wp-json\/wp\/v2\/comments?post=7"}],"version-history":[{"count":34,"href":"https:\/\/www.activelife34.fr\/index.php\/wp-json\/wp\/v2\/pages\/7\/revisions"}],"predecessor-version":[{"id":583,"href":"https:\/\/www.activelife34.fr\/index.php\/wp-json\/wp\/v2\/pages\/7\/revisions\/583"}],"wp:attachment":[{"href":"https:\/\/www.activelife34.fr\/index.php\/wp-json\/wp\/v2\/media?parent=7"}],"curies":[{"name":"wp","href":"https:\/\/api.w.org\/{rel}","templated":true}]}}